{"id":5548,"date":"2024-03-14T18:36:34","date_gmt":"2024-03-14T17:36:34","guid":{"rendered":"https:\/\/fundacionoceanografic.org\/online-sales-terms-and-conditions-policy\/"},"modified":"2025-10-07T12:45:18","modified_gmt":"2025-10-07T10:45:18","slug":"online-sales-terms-and-conditions-policy","status":"publish","type":"page","link":"https:\/\/fundacionoceanografic.org\/en\/online-sales-terms-and-conditions-policy\/","title":{"rendered":"Online Sales Terms and Conditions Policy"},"content":{"rendered":"\n<h5 class=\"wp-block-heading\">IDENTIFICATION<\/h5>\n\n<p>AVANQUA OCEANOGR\u00c0FIC,S.L. is the commercial name included on the Website indicated above and subject to this legal notice. AVANQUA OCEANOGR\u00c0FIC,S.L, S.L., as a provider of information society services, is governed by the provisions of Law 34\/2002, of July 11, on Information Society Services and Electronic Commerce.<\/p>\n\n<p>Company Name: AVANQUA OCEANOGR\u00c0FIC,S.L S.L. (hereinafter AVANQUA) is a commercial name owned by AVANQUA OCEANOGR\u00c0FIC,S.L<\/p>\n\n<p>Address: Gran V\u00eda Marqu\u00e9s del T\u00faria, 19. 46005 (Valencia)<br\/>Tax Identification Number: B-98725252<br\/>Email address: Info@oceanografic.org<br\/>Contact telephone number is 960470647 <\/p>\n\n<p>The company is registered in the Mercantile Registry of Valencia, Sheet V-164.783 empowerment deed granted in its favor, on July 28, 2015, before the Notary of Valencia, Mr. Alejandro Cervera Taulet, n\u00ba 2,903 of his protocol; entity with address in Valencia, Gran V\u00eda Marqu\u00e9s del Turia, 19. 46005 of Valencia and provided with Tax Identification Number B-98725252, and registered in the Mercantile Registry <\/p>\n\n<h5 class=\"wp-block-heading\">GENERAL CONDITIONS OF USE AND CONTRACTING<\/h5>\n\n<p>These General Conditions of Use and Contracting (hereinafter, the \u201cGeneral Conditions\u201d) govern access to and use of the website accessible through the domain name https:\/\/oceanografic.experticket.com\/ and its subdomains (hereinafter, the \u201cWebsite\u201d), as well as the contracting of tickets through the Website.<\/p>\n\n<p>Simply accessing the Website or the APP attributes the condition of user (hereinafter, the \u201cUser\u201d) and implies acceptance of all the terms included in these General Conditions. If you do not agree with these General Conditions, the User must abandon any ticket purchase transaction through the Sales Channels. <\/p>\n\n<p>By accepting these General Conditions, the User declares:<\/p>\n\n<ul class=\"wp-block-list\">\n<li>That they have read, understand and comprehend the contents herein.<\/li>\n\n\n\n<li>That, in the event that they are going to contract any product and\/or service, they have sufficient capacity to do so.<\/li>\n\n\n\n<li>That they assume all the obligations set forth herein.<\/li>\n\n\n\n<li>Ticket purchase system<\/li>\n<\/ul>\n\n<p>To make the purchase, the User must click on the \u201cticket purchase\u201d tab and select the date to make the visit on the calendar. Then, they must choose the type of ticket and visit session in the event that sessions with schedules are indicated for that day. If the data is correct, they must click on buy. Finally, they must indicate their personal data*, proceeding to payment after accepting the General Conditions of Purchase.  <\/p>\n\n<p>At the end of this process, you will receive a purchase confirmation email.<\/p>\n\n<p>*Contact details are important because in the event of modification or cancellation of the visit, we would contact the user.<\/p>\n\n<ul class=\"wp-block-list\">\n<li>Email: To send you the tickets.<\/li>\n\n\n\n<li>ID: To unequivocally identify you in case of an incident.<\/li>\n\n\n\n<li>Credit card: To process the payment.<\/li>\n<\/ul>\n\n<p>The prices of the products displayed on the website include Value Added Tax (VAT).<\/p>\n\n<p>In the event of acquiring the ticket type with some type of discount, you must prove it at the entrance to the venue with your accreditation card. If you do not meet the requirements, you must pay the difference in the price of the ticket. <\/p>\n\n<p>The acquisition of the ticket implies compliance with the instructions for use of the facilities displayed at the entrance to the venues and at www.oceanografic.org.<\/p>\n\n<p>The ticket must be kept throughout the visit and must be shown to our staff when required. The company reserves the right of admission and to vary the programming. <\/p>\n\n<p>The combined ticket for the 2 or 3 venues is valid for 2 or 3 consecutive days without the possibility of repeating the visit to the same element, depending on the venues acquired.<\/p>\n\n<h5 class=\"wp-block-heading\">METHOD OF PAYMENT<\/h5>\n\n<p>AVANQUA OCEANOGR\u00c0FIC,S.L allows, as the only means of payment, the payment of purchases made through credit or debit card (Visa, Mastercard, Visa Electr\u00f3n and\/or similar cards). The card with which the payment is made must have a bank or savings bank as the issuing financial entity. <\/p>\n\n<p>AVANQUA OCEANOGR\u00c0FIC,S.L confirms your order at the time you make the payment. All payment solutions are secure and guaranteed by banking and financial institutions. However, the User\/Client must notify of any improper or fraudulent charge on the card used for purchases, by mail to info@oceanografic.org, in the shortest possible time so that AVANQUA OCEANOGR\u00c0FIC,S.L can carry out the appropriate procedures.  <\/p>\n\n<h5 class=\"wp-block-heading\">RIGHT OF WITHDRAWAL<\/h5>\n\n<p>AVANQUA OCEANOGR\u00c0FIC,S.L informs you that once the tickets have been purchased, returns or cancellations are not allowed.<\/p>\n\n<p>The user must reliably ensure before processing the purchase the accuracy and suitability of the data entered. Not being able to attend the visit or making a mistake when acquiring the ticket are not reasons that allow the return. <\/p>\n\n<p>Notwithstanding the foregoing, when an amount of a purchase has been fraudulently or improperly charged, using the payment card number, the holder thereof may request the cancellation of the charge to AVANQUA OCEANOGR\u00c0FIC,S.L, provided that the prior presentation of a complaint for these events is accredited.<\/p>\n\n<p>The refund of said amount will be made by means of a written claim, which must be accompanied by the documents (complaint) that prove the loss or theft of the card with which the payment was made.<\/p>\n\n<h4 class=\"wp-block-heading\">PROCESSING OF PERSONAL DATA<\/h4>\n\n<p>In accordance with current regulations on data protection, as well as on information society services and electronic commerce, the user accepts that the personal data provided at the time of registration, or any other provided to Avanqua Oceanogr\u00e0fic SL for access to some of the services of the website, are incorporated into files owned by this company, in order to facilitate the provision of the services requested, for carrying out statistical studies of registered users in Avanqua Oceanogr\u00e0fic SL that allow designing improvements in the services provided and for the management of basic administration tasks.<\/p>\n\n<p>Likewise, the user gives their consent for Avanqua Oceanogr\u00e0fic SL to transfer their data to the group of collaborating companies of Avanqua Oceanogr\u00e0fic SL, with the sole purpose of carrying out and improving the provision of the agreed services, respecting, in any case, Spanish legislation on the protection of personal data.<\/p>\n\n<p>Avanqua Oceanogr\u00e0fic SL undertakes to comply with its obligation of secrecy of personal data and its duty to treat them with confidentiality, and assumes, for these purposes, the technical, organizational and security measures necessary to prevent their alteration, loss, treatment or unauthorized access, in accordance with the provisions of current regulations.<\/p>\n\n<p>The user will respond, in any case, to the veracity of the data provided, Avanqua Oceanogr\u00e0fic SL reserving the right to exclude from the registered services any user who has provided false data, without prejudice to the other actions that proceed in Law.<\/p>\n\n<p>Any registered user can at any time exercise the right to access, rectify and, where appropriate, cancel their personal data supplied, by written request by email addressed to Avanqua Oceanogr\u00e0fic SL at the address protecciondatos@oceanografic.org or using the contact form.<\/p>\n\n<h5 class=\"wp-block-heading\">COMPLAINTS, CLAIMS AND REQUESTS FOR INFORMATION<\/h5>\n\n<p>The User can direct their complaints, claims or requests for information to the Customer Service of Avanqua-Oceanogr\u00e0fic S.L., using for this purpose the sending of an email to the address info@oceanografic.org<\/p>\n\n<p>AVANQUA OCEANOGR\u00c0FIC,S.L will respond to the claims received in the shortest possible time and in any case within a maximum period of ten business days from the presentation of the claim.<\/p>\n\n<p>AVANQUA OCEANOGR\u00c0FIC,S.L has official claim forms, which the User can request from the Customer Service of the visitor center.<\/p>\n","protected":false},"excerpt":{"rendered":"<p>IDENTIFICATION AVANQUA OCEANOGR\u00c0FIC,S.L. is the commercial name included on the Website indicated above and subject to&#8230;<\/p>\n","protected":false},"author":1,"featured_media":0,"parent":0,"menu_order":53,"comment_status":"closed","ping_status":"closed","template":"","meta":{"_acf_changed":false,"content-type":"","inline_featured_image":false,"footnotes":""},"class_list":["post-5548","page","type-page","status-publish","hentry"],"acf":[],"_links":{"self":[{"href":"https:\/\/fundacionoceanografic.org\/en\/wp-json\/wp\/v2\/pages\/5548","targetHints":{"allow":["GET"]}}],"collection":[{"href":"https:\/\/fundacionoceanografic.org\/en\/wp-json\/wp\/v2\/pages"}],"about":[{"href":"https:\/\/fundacionoceanografic.org\/en\/wp-json\/wp\/v2\/types\/page"}],"author":[{"embeddable":true,"href":"https:\/\/fundacionoceanografic.org\/en\/wp-json\/wp\/v2\/users\/1"}],"replies":[{"embeddable":true,"href":"https:\/\/fundacionoceanografic.org\/en\/wp-json\/wp\/v2\/comments?post=5548"}],"version-history":[{"count":3,"href":"https:\/\/fundacionoceanografic.org\/en\/wp-json\/wp\/v2\/pages\/5548\/revisions"}],"predecessor-version":[{"id":5551,"href":"https:\/\/fundacionoceanografic.org\/en\/wp-json\/wp\/v2\/pages\/5548\/revisions\/5551"}],"wp:attachment":[{"href":"https:\/\/fundacionoceanografic.org\/en\/wp-json\/wp\/v2\/media?parent=5548"}],"curies":[{"name":"wp","href":"https:\/\/api.w.org\/{rel}","templated":true}]}}